{"id":53,"date":"2013-05-28T10:42:59","date_gmt":"2013-05-28T10:42:59","guid":{"rendered":"http:\/\/blogs.larioja.com\/alfredogarciaalpinista\/?page_id=2"},"modified":"2013-05-28T10:42:59","modified_gmt":"2013-05-28T10:42:59","slug":"pagina-ejemplo","status":"publish","type":"page","link":"https:\/\/blogs.larioja.com\/alfredogarciaalpinista\/pagina-ejemplo\/","title":{"rendered":"Contacto"},"content":{"rendered":"<p>Si deseas contactar conmigo puedes hacerlo a trav\u00e9s de los siguientes medios:<\/p>\n<p>Teresa Lapresa, responsable de comunicaci\u00f3n<br \/>\nTel\u00e9fono: 660179807<br \/>\nEmail: alfredo.garcia.alpinista@gmail.com<\/p>\n<p>Facebook: <a href=\"https:\/\/www.facebook.com\/AlfredoGarciaPascual\" rel=\"nofollow\">https:\/\/www.facebook.com\/AlfredoGarciaPascual<\/a><\/p>\n<p>Twitter: @alfredo_garciap<\/p>\n<p>Youtube: <a href=\"http:\/\/www.youtube.com\/channel\/UCyT2P59IJJTwfn6HrK8EeMw\" rel=\"nofollow\">http:\/\/www.youtube.com\/channel\/UCyT2P59IJJTwfn6HrK8EeMw<\/a><\/p>\n","protected":false},"excerpt":{"rendered":"<p>Si deseas contactar conmigo puedes hacerlo a trav\u00e9s de los siguientes medios: Teresa Lapresa, responsable de comunicaci\u00f3n Tel\u00e9fono: 660179807 Email: alfredo.garcia.alpinista@gmail.com Facebook: https:\/\/www.facebook.com\/AlfredoGarciaPascual Twitter: @alfredo_garciap Youtube: http:\/\/www.youtube.com\/channel\/UCyT2P59IJJTwfn6HrK8EeMw<\/p>\n","protected":false},"author":40,"featured_media":0,"parent":0,"menu_order":0,"comment_status":"open","ping_status":"open","template":"","meta":[],"_links":{"self":[{"href":"https:\/\/blogs.larioja.com\/alfredogarciaalpinista\/wp-json\/wp\/v2\/pages\/53"}],"collection":[{"href":"https:\/\/blogs.larioja.com\/alfredogarciaalpinista\/wp-json\/wp\/v2\/pages"}],"about":[{"href":"https:\/\/blogs.larioja.com\/alfredogarciaalpinista\/wp-json\/wp\/v2\/types\/page"}],"author":[{"embeddable":true,"href":"https:\/\/blogs.larioja.com\/alfredogarciaalpinista\/wp-json\/wp\/v2\/users\/40"}],"replies":[{"embeddable":true,"href":"https:\/\/blogs.larioja.com\/alfredogarciaalpinista\/wp-json\/wp\/v2\/comments?post=53"}],"version-history":[{"count":0,"href":"https:\/\/blogs.larioja.com\/alfredogarciaalpinista\/wp-json\/wp\/v2\/pages\/53\/revisions"}],"wp:attachment":[{"href":"https:\/\/blogs.larioja.com\/alfredogarciaalpinista\/wp-json\/wp\/v2\/media?parent=53"}],"curies":[{"name":"wp","href":"https:\/\/api.w.org\/{rel}","templated":true}]}}