{"id":54,"date":"2013-05-28T12:42:59","date_gmt":"2013-05-28T12:42:59","guid":{"rendered":"http:\/\/blogs.larioja.com\/alfredogarciaalpinista\/contacto-2\/"},"modified":"2013-05-28T12:42:59","modified_gmt":"2013-05-28T12:42:59","slug":"contacto-2","status":"publish","type":"page","link":"https:\/\/blogs.larioja.com\/alfredogarciaalpinista\/contacto-2\/","title":{"rendered":"Biograf\u00eda"},"content":{"rendered":"<div class=\"onwscf-tinymce-box\">\n<p>Nac\u00ed en <strong>Logro\u00f1o<\/strong> en 1981, dentro de una familia apasionada de la <strong>monta\u00f1a<\/strong>. A los pocos meses de vida, por lo que me cuentan, ya estaba durmiendo en un saco de dormir, y a los pocos a\u00f1os, recorr\u00eda las peque\u00f1as monta\u00f1as de <strong>La Rioja<\/strong>.<\/p>\n<p>Conforme iba creciendo, mi pasi\u00f3n por la monta\u00f1a y mis objetivos tambi\u00e9n lo hicieron, y mis horizontes se fueron ampliando: <strong>Pirineos, Picos de Europa, Gredos, o los Alpes<\/strong>, entre otros, fueron mi patio de recreo durante aquellos a\u00f1os. Y todo ello lo compaginaba con la formaci\u00f3n en las distintas vertientes de este bello deporte: <strong>escalada, alpinismo, escalada en hielo, esqu\u00ed de traves\u00eda<\/strong>\u2026 As\u00ed, de aquella \u00e9poca recuerdo haber gastado muchos pares de botas y alguna que otra mochila, pero en cambio, no recuerdo haber perdido ning\u00fan bal\u00f3n. De hecho, no recuerdo haber tenido ninguno. Los deportes que practicaban el resto de mis compa\u00f1eros no me llenaban tanto.<\/p>\n<p>En un principio me decant\u00e9 por la escalada. Era un mundo que me atra\u00eda. No obstante, particip\u00e9 en varios encuentros de j\u00f3venes escaladores, uno de ellos realizado en Ucrania. Pero en 2003 hubo un punto de inflexi\u00f3n en mi incipiente carrera deportiva: alcanc\u00e9 la cumbre del techo de Europa, el <strong>Elbrus<\/strong> (5.642 metros). Esta primera experiencia a m\u00e1s de 5.000 metros supuso que cambiaran mis preferencias. He seguido escalando, pero desde ese momento, prefer\u00ed centrarme en las grandes monta\u00f1as.<\/p>\n<p>Dos a\u00f1os despu\u00e9s de esa gran experiencia, en 2005, intent\u00e9 ascender al <strong>Lenin Peak<\/strong> (7.134 metros). Fue mi primer contacto con la gran altitud. Tuve que darme la vuelta por el fuerte viento y me qued\u00e9 a 300 metros de hacer cumbre. En aquel momento, nos sobraba ilusi\u00f3n y nos faltaba experiencia en ese tipo de monta\u00f1as, pero de los errores se aprende, y nos llevamos muchas lecciones bien aprendidas a casa.<\/p>\n<p>Lejos de desanimarme, un a\u00f1o m\u00e1s tarde, en 2006, intent\u00e9 mi primer 8.000: el <strong>Gasherbrum II<\/strong> (8.035 metros), y lo consegu\u00ed. Me cost\u00f3 meses asimilar lo que hab\u00eda pasado, fue una experiencia inolvidable. A \u00e9ste le siguieron el <strong>Cho Oyu<\/strong> (8.201 metros) en 2007, el<strong> Broad Peak<\/strong> (8.047 metros) en 2008 y el <strong>Everest<\/strong> (8.848 metros) en 2010.<\/p>\n<p>El Everest supuso una dura prueba. Despu\u00e9s de hacer cumbre, pasamos muchas horas demasiado altos en medio de una fuerte tormenta de viento y nieve. Sobrevivimos y, como lo que no te mata te hace m\u00e1s fuerte, a las pocas horas de llegar exhaustos al Campo Base ya estaba pensando en mi pr\u00f3ximo objetivo, y en ello estoy.<\/p>\n<p>Algunos pueden pensar que estamos locos y que no tenemos remedio. Yo, sinceramente, lo pienso en muchas ocasiones, pero esto es lo que me apasiona y a d\u00eda de hoy no concibo mi vida sin estas monta\u00f1as.<\/p>\n<\/div>\n","protected":false},"excerpt":{"rendered":"<p>Nac\u00ed en Logro\u00f1o en 1981, dentro de una familia apasionada de la monta\u00f1a. A los pocos meses de vida, por lo que me cuentan, ya estaba durmiendo en un saco de dormir, y a los pocos a\u00f1os, recorr\u00eda las peque\u00f1as monta\u00f1as de La Rioja. Conforme iba creciendo, mi pasi\u00f3n por la monta\u00f1a y mis objetivos [&hellip;]<\/p>\n","protected":false},"author":40,"featured_media":0,"parent":0,"menu_order":0,"comment_status":"closed","ping_status":"closed","template":"","meta":[],"_links":{"self":[{"href":"https:\/\/blogs.larioja.com\/alfredogarciaalpinista\/wp-json\/wp\/v2\/pages\/54"}],"collection":[{"href":"https:\/\/blogs.larioja.com\/alfredogarciaalpinista\/wp-json\/wp\/v2\/pages"}],"about":[{"href":"https:\/\/blogs.larioja.com\/alfredogarciaalpinista\/wp-json\/wp\/v2\/types\/page"}],"author":[{"embeddable":true,"href":"https:\/\/blogs.larioja.com\/alfredogarciaalpinista\/wp-json\/wp\/v2\/users\/40"}],"replies":[{"embeddable":true,"href":"https:\/\/blogs.larioja.com\/alfredogarciaalpinista\/wp-json\/wp\/v2\/comments?post=54"}],"version-history":[{"count":0,"href":"https:\/\/blogs.larioja.com\/alfredogarciaalpinista\/wp-json\/wp\/v2\/pages\/54\/revisions"}],"wp:attachment":[{"href":"https:\/\/blogs.larioja.com\/alfredogarciaalpinista\/wp-json\/wp\/v2\/media?parent=54"}],"curies":[{"name":"wp","href":"https:\/\/api.w.org\/{rel}","templated":true}]}}