{"id":872,"date":"2012-02-22T08:53:29","date_gmt":"2012-02-22T07:53:29","guid":{"rendered":"http:\/\/blogs.larioja.com\/animales-de-la-rioja\/?page_id=872"},"modified":"2018-04-09T15:12:14","modified_gmt":"2018-04-09T14:12:14","slug":"conocer-y-entender","status":"publish","type":"page","link":"https:\/\/blogs.larioja.com\/animales-de-la-rioja\/conocer-y-entender\/","title":{"rendered":"Conocer y entender"},"content":{"rendered":"<p><strong><br \/>\nCOMPRENDER LA CONDUCTA ANIMAL<\/strong><\/p>\n<p>Perrygatos ofrece consultas de comportamiento canino y felino,\u00a0clases para cachorros\u00a0(entre 2 y 4 meses),\u00a0adiestramiento en obediencia b\u00e1sica\u00a0(sentarse, tumbarse, acudir a la llamada, estar quieto, andar sin tirar de la correa), adiestramiento a\u00a0nivel avanzado\u00a0y habilidades caninas,\u00a0talleres para propietarios,\u00a0modificaci\u00f3n de problemas de comportamiento, tratamiento de problemas de conducta canina y felina.<\/p>\n<p>Trabajamos a\u00a0domicilio\u00a0directamente con el due\u00f1o, en sesiones particulares y trato personalizado<\/p>\n<p>La mayor\u00eda de problemas de convivencia entre las personas y los animales provienen de conductas inapropiadas que los due\u00f1os no saben (o no pueden) corregir. La gran mayor\u00eda de ellas tienen soluci\u00f3n.<\/p>\n<p>A trav\u00e9s de la formaci\u00f3n, ense\u00f1amos a las personas a mejorar su actitud y comunicaci\u00f3n con sus compa\u00f1eros. A trav\u00e9s del conocimiento profundo de c\u00f3mo son y c\u00f3mo se comportan los animales, podemos tratar las causas que originan los problemas de comportamiento. Siempre desde el respeto hacia el animal y contando con la implicaci\u00f3n y complicidad del propietario.<\/p>\n<p>Perrygatos trabaja bajo tres premisas:<\/p>\n<p>1\u00ba. Respeto m\u00e1ximo hacia el animal.<\/p>\n<p>2\u00ba. La formaci\u00f3n del gu\u00eda o propietario.<\/p>\n<p>3\u00ba. La educaci\u00f3n o adiestramiento del animal.<\/p>\n<p>La filosofia de trabajo de Perrygatos, siempre est\u00e1 basada, en el respeto m\u00e1ximo hacia el perro o el gato, trabajando, siempre en su estado o nivel emocional \u00f3ptimo, sin presi\u00f3n, intimidaci\u00f3n o coacci\u00f3n.<\/p>\n<p>&nbsp;<\/p>\n<p><center><img src=\"https:\/\/sn2files.storage.live.com\/y1pBoTYRtogP4uSMWvcsASPYV3vScPcJTLW2P3TkOaS7gdey1bpPUMRq1g4GAKu1flseW7fqzA7ckc\/IMG_0010.JPG?psid=1\" alt=\"\" \/><\/center><strong><br \/>\n<\/strong><\/p>\n<p><strong>CERTIFICACIONES Y TITULACIONES<\/strong><\/p>\n<p>Certified Professional Dog Trainer-Knowledge Assessed (CPDT-KA), Graduate, Diploma of Animal Behavior Sciences And Technology (ABST) Dogs and Cats and Diploma of Professional Dog Training (Companion Animal Sciences Institute); Certified Professional Dog Trainer (CPDT) by Ethology Institute Cambridge. Certified Behavior Adjustment Training Instructor (CBATI). Adiestrador Canino Profesional, Resoluci\u00f3n n\u00ba 105\/2011 por la Asociaci\u00f3n Nacional de Adiestradores Caninos Profesionales y European Association of Canine Professionals siguiendo los criterios recogidos en la Cualificaci\u00f3n Profesional Nivel 2-Incual (R.D. 1037\/2011 de 15 de Julio. BOE n\u00ba 209)<\/p>\n<p>T\u00e9cnico en Modificaci\u00f3n de Conducta Canina registrado en el Libro Oficial de Diplomas de la ANACP (485\/2013)<\/p>\n<p>T\u00e9cnico Especialista en Animales de Compa\u00f1\u00eda por el Instituto Superior de Estudios ISED<\/p>\n<p>XI Master de Psicolog\u00eda Cl\u00ednica y Educativa Canina de Setter Bakio (Octubre 2011-Junio 2012)<br \/>\nJuez Evaluador del Programa Ciudadano Canino Ejemplar. Resoluci\u00f3n 225\/2013 de fecha 27 de junio de 2013, aprobada mediante acta del I Curso de Jueces Evaluadores y contando con el visto bueno del Presidente de la ANACP<br \/>\nT\u00e9cnico en Terapia Asistida con Animales por EtoHorus Formaci\u00f3n (Julio 2013) y por la Asociaci\u00f3n de Terapias Asistidas con Animales de La Rioja TAALAR (Noviembre 2013)<br \/>\nFormador de Formadores por la ANACP y el Instituto Cinol\u00f3gico Espa\u00f1ol conforme al Real Decreto 7646\/1997 de 31 de Octubre por el que se establece el certificado de profesionalidad de formaci\u00f3n ocupacional con una carga lectiva de 250 horas.<br \/>\nAcreditada como Profesora de la ANACP por el Insituto Cinol\u00f3gico Espa\u00f1ol (ICE) en Febrero de 2014.<br \/>\nIncluida en el Registro de Entidades, Centros y Servicios Sociales de la Comunidad Aut\u00f3noma de La Rioja, en la secci\u00f3n 1\u00aa con el n\u00famero 832<br \/>\nCAP 1 y CAP2 (Clicker Training Competency Assessment Program) por Learning About Dogs y Dogalia<br \/>\nEquipo READ Perros y Letras Espa\u00f1a e ITA (EEUU) para perros de lectura<br \/>\nLow Stress Handling Certified Silver by Dr. Sophia Yin (Octubre 2014)<br \/>\nCiclo Formativo Yes &amp; Click a cargo de Pere Saavedra (2016)<br \/>\nCertified Canine Fitness Trainer Program (CCFT) Online Lecture Course (Diciembre 2016)<br \/>\nReconocimiento Rioja 2013 de Iniciaci\u00f3n a la Excelencia Empresarial concedido por Gobierno de La Rioja a trav\u00e9s de la Agencia de Desarrollo Econ\u00f3mico (ADER). Diciembre 2013<\/p>\n<p>&nbsp;<\/p>\n<p><strong>FORMACI\u00d3N<\/strong><\/p>\n<p>&#8211; T\u00e9cnico Especialista en Animales de Compa\u00f1\u00eda y Asistente T\u00e9cnico Veterinario a trav\u00e9s de ISED.<\/p>\n<p>&#8211; Educadora Canina, homologada por la Asociaci\u00f3n Nacional de Adiestradores Caninos Profesionales y la European Association of Canine Professionals. Miembro de la Asociaci\u00f3n Espa\u00f1ola de Educadores Caninos en Positivo.<\/p>\n<p>&#8211; Peluquera Canina y Felina por ISED.<\/p>\n<p>&#8211; Cursos y seminarios: Etolog\u00eda Felina. Manejo del gato; AMVAC. Medicina y cirug\u00eda del aparato locomotor y sistema nervioso; Educar en positivo; Comportamiento de gatos; Toma de muestras; Atenci\u00f3n en urgencias veterinarias; Clicker Training; Tratamiento del miedo, estr\u00e9s y agresividad.<\/p>\n<p>El hecho de acudir a las casas de los clientes supone una ventaja para aquellas personas propietarias de varias mascotas, animales de gran tama\u00f1o, poco sociables, enfermos o con poca movilidad, entre otros ejemplos. Adem\u00e1s de las ventajas evidentes en lo que se refiere al transporte de los animales, nuestro servicio a domicilio ofrece otras como son:<\/p>\n<p>\u2022 Menor estr\u00e9s para los animales, ya que reducimos el miedo y la ansiedad que supone el traslado, el contacto con animales extra\u00f1os en una sala de espera, posibles enfrentamientos y un ambiente desconocido.<\/p>\n<p>\u2022 Influencia positiva en animales nerviosos o enfermos, teniendo en cuenta que el mejor lugar para un animal de estas caracter\u00edsticas es un ambiente conocido en el que se sienta seguro y tranquilo influyendo positivamente en su mejor\u00eda.<\/p>\n<p>Para ampliar informaci\u00f3n sobre estos servicios puedes escribir a <a href=\"mailto:info@perrygatos.com\">info@perrygatos.com<\/a><\/p>\n<p><a href=\"https:\/\/perrygatos.com\/\">www.perrygatos.com<\/a><\/p>\n<p>&nbsp;<\/p>\n<p><center><\/center><\/p>\n","protected":false},"excerpt":{"rendered":"<p>COMPRENDER LA CONDUCTA ANIMAL Perrygatos ofrece consultas de comportamiento canino y felino,\u00a0clases para cachorros\u00a0(entre 2 y 4 meses),\u00a0adiestramiento en obediencia b\u00e1sica\u00a0(sentarse, tumbarse, acudir a la llamada, estar quieto, andar sin tirar de la correa), adiestramiento a\u00a0nivel avanzado\u00a0y habilidades caninas,\u00a0talleres para propietarios,\u00a0modificaci\u00f3n de problemas de comportamiento, tratamiento de problemas de conducta canina y felina. Trabajamos a\u00a0domicilio\u00a0directamente [&hellip;]<\/p>\n","protected":false},"author":25,"featured_media":0,"parent":0,"menu_order":1,"comment_status":"open","ping_status":"closed","template":"","meta":[],"_links":{"self":[{"href":"https:\/\/blogs.larioja.com\/animales-de-la-rioja\/wp-json\/wp\/v2\/pages\/872"}],"collection":[{"href":"https:\/\/blogs.larioja.com\/animales-de-la-rioja\/wp-json\/wp\/v2\/pages"}],"about":[{"href":"https:\/\/blogs.larioja.com\/animales-de-la-rioja\/wp-json\/wp\/v2\/types\/page"}],"author":[{"embeddable":true,"href":"https:\/\/blogs.larioja.com\/animales-de-la-rioja\/wp-json\/wp\/v2\/users\/25"}],"replies":[{"embeddable":true,"href":"https:\/\/blogs.larioja.com\/animales-de-la-rioja\/wp-json\/wp\/v2\/comments?post=872"}],"version-history":[{"count":4,"href":"https:\/\/blogs.larioja.com\/animales-de-la-rioja\/wp-json\/wp\/v2\/pages\/872\/revisions"}],"predecessor-version":[{"id":2848,"href":"https:\/\/blogs.larioja.com\/animales-de-la-rioja\/wp-json\/wp\/v2\/pages\/872\/revisions\/2848"}],"wp:attachment":[{"href":"https:\/\/blogs.larioja.com\/animales-de-la-rioja\/wp-json\/wp\/v2\/media?parent=872"}],"curies":[{"name":"wp","href":"https:\/\/api.w.org\/{rel}","templated":true}]}}